{"id":87,"date":"2014-12-10T13:24:14","date_gmt":"2014-12-10T12:24:14","guid":{"rendered":"http:\/\/studiobubny.eu\/?page_id=87"},"modified":"2023-04-29T12:20:11","modified_gmt":"2023-04-29T11:20:11","slug":"ukazky-hudby-a-videa","status":"publish","type":"page","link":"https:\/\/studiobubny.eu\/?page_id=87","title":{"rendered":"uk\u00e1zky hudby a videa"},"content":{"rendered":"<p><span style=\"color: #ff0000;\"><strong>\u00a0\u21d2<\/strong>Videoklip kapely<strong>\u00a0Krajina RO<\/strong> nato\u010den\u00fd v na\u0161em studiu :\u00a0<\/span><\/p>\n<p><span style=\"color: #ff0000;\"><strong><a href=\"https:\/\/www.youtube.com\/watch?v=70zHNuDh6Gs\">https:\/\/www.youtube.com\/watch?v=70zHNuDh6Gs<\/a><br \/><\/strong><\/span><\/p>\n<p>\u00a0<\/p>\n<p><iframe loading=\"lazy\" title=\"Hrav\u00e9Hlasy - Bytosti\" width=\"474\" height=\"267\" src=\"https:\/\/www.youtube.com\/embed\/_7i4ggQnTgc?feature=oembed\" frameborder=\"0\" allow=\"accelerometer; autoplay; clipboard-write; encrypted-media; gyroscope; picture-in-picture; web-share\" referrerpolicy=\"strict-origin-when-cross-origin\" allowfullscreen><\/iframe><\/p>\n<p><iframe loading=\"lazy\" title=\"Rastafidli Orkestra - Nuda\" width=\"474\" height=\"267\" src=\"https:\/\/www.youtube.com\/embed\/cFqqGTgAp4M?feature=oembed\" frameborder=\"0\" allow=\"accelerometer; autoplay; clipboard-write; encrypted-media; gyroscope; picture-in-picture; web-share\" referrerpolicy=\"strict-origin-when-cross-origin\" allowfullscreen><\/iframe><\/p>\n<p><iframe loading=\"lazy\" title=\"Hrav\u00e9Hlasy - Vlna za vlnou\" width=\"474\" height=\"267\" src=\"https:\/\/www.youtube.com\/embed\/GxkB7geoMYI?feature=oembed\" frameborder=\"0\" allow=\"accelerometer; autoplay; clipboard-write; encrypted-media; gyroscope; picture-in-picture; web-share\" referrerpolicy=\"strict-origin-when-cross-origin\" allowfullscreen><\/iframe><\/p>\n<p><iframe loading=\"lazy\" title=\"Iggy Mayerov - EP Stardust\" width=\"474\" height=\"267\" src=\"https:\/\/www.youtube.com\/embed\/EIaS8MCNkFE?feature=oembed\" frameborder=\"0\" allow=\"accelerometer; autoplay; clipboard-write; encrypted-media; gyroscope; picture-in-picture; web-share\" referrerpolicy=\"strict-origin-when-cross-origin\" allowfullscreen><\/iframe><\/p>\n<p><iframe loading=\"lazy\" title=\"Zelenej sen - V\u017edy\u0165 o nic nejde (&quot;A vo co de?&quot; - 2016)\" width=\"474\" height=\"356\" src=\"https:\/\/www.youtube.com\/embed\/WQWVa7o6dS8?feature=oembed\" frameborder=\"0\" allow=\"accelerometer; autoplay; clipboard-write; encrypted-media; gyroscope; picture-in-picture; web-share\" referrerpolicy=\"strict-origin-when-cross-origin\" allowfullscreen><\/iframe><\/p>\n<p><iframe loading=\"lazy\" title=\"Dub Artillery - 03 - Drumsong\" width=\"474\" height=\"267\" src=\"https:\/\/www.youtube.com\/embed\/731gya_Fa3A?feature=oembed\" frameborder=\"0\" allow=\"accelerometer; autoplay; clipboard-write; encrypted-media; gyroscope; picture-in-picture; web-share\" referrerpolicy=\"strict-origin-when-cross-origin\" allowfullscreen><\/iframe><\/p>\n<p><iframe loading=\"lazy\" title=\"Jablkon - Narozeniny (3B - Bongo Bonboniera)\" width=\"474\" height=\"267\" src=\"https:\/\/www.youtube.com\/embed\/d_FbHK2ofu0?start=6&#038;feature=oembed\" frameborder=\"0\" allow=\"accelerometer; autoplay; clipboard-write; encrypted-media; gyroscope; picture-in-picture; web-share\" referrerpolicy=\"strict-origin-when-cross-origin\" allowfullscreen><\/iframe><\/p>\n<p><iframe loading=\"lazy\" title=\"Ji\u0159\u00ed Maz\u00e1nek: P\u00edse\u0148 zmrzl\u00e9ho \u0161amana, CD Ritu\u00e1l \u017eivl\u016f\" width=\"474\" height=\"267\" src=\"https:\/\/www.youtube.com\/embed\/dDeRPs8z8fU?feature=oembed\" frameborder=\"0\" allow=\"accelerometer; autoplay; clipboard-write; encrypted-media; gyroscope; picture-in-picture; web-share\" referrerpolicy=\"strict-origin-when-cross-origin\" allowfullscreen><\/iframe><\/p>\n<p><iframe loading=\"lazy\" title=\"Ji\u0159\u00ed Maz\u00e1nek - Ritu\u00e1l \u017eivl\u016f, skladba \u0160aman\u016fv tanec\" width=\"474\" height=\"267\" src=\"https:\/\/www.youtube.com\/embed\/UVERO4IraRA?feature=oembed\" frameborder=\"0\" allow=\"accelerometer; autoplay; clipboard-write; encrypted-media; gyroscope; picture-in-picture; web-share\" referrerpolicy=\"strict-origin-when-cross-origin\" allowfullscreen><\/iframe><\/p>\n<p><iframe loading=\"lazy\" title=\"Ji\u0159\u00ed Maz\u00e1nek skladba Koloto\u010d sans\u00e1ry 1 z CD Ritu\u00e1l \u017eivl\u016f\" width=\"474\" height=\"267\" src=\"https:\/\/www.youtube.com\/embed\/S1XtLpgdHF4?feature=oembed\" frameborder=\"0\" allow=\"accelerometer; autoplay; clipboard-write; encrypted-media; gyroscope; picture-in-picture; web-share\" referrerpolicy=\"strict-origin-when-cross-origin\" allowfullscreen><\/iframe><\/p>\n<p><iframe loading=\"lazy\" title=\"Ji\u0159\u00ed Maz\u00e1nek - album Meditace s citerami, skladba Sn\u011bn\u00ed\" width=\"474\" height=\"267\" src=\"https:\/\/www.youtube.com\/embed\/HQndopFSHoI?feature=oembed\" frameborder=\"0\" allow=\"accelerometer; autoplay; clipboard-write; encrypted-media; gyroscope; picture-in-picture; web-share\" referrerpolicy=\"strict-origin-when-cross-origin\" allowfullscreen><\/iframe><\/p>\n<p>\u00a0<\/p>\n<p><iframe loading=\"lazy\" title=\"Traband - \u00dahel pohledu (Vlnobeat)\" width=\"474\" height=\"356\" src=\"https:\/\/www.youtube.com\/embed\/jGGFa_rhbA4?list=PLNDVMiJx4apV-4i3UFrivCVrld2oqFL4y\" frameborder=\"0\" allow=\"accelerometer; autoplay; clipboard-write; encrypted-media; gyroscope; picture-in-picture; web-share\" referrerpolicy=\"strict-origin-when-cross-origin\" allowfullscreen><\/iframe><\/p>\n<p><iframe loading=\"lazy\" title=\"Traband-tlust\u00fd mu\u017e\" width=\"474\" height=\"356\" src=\"https:\/\/www.youtube.com\/embed\/iD5a_GPnZ0A?feature=oembed\" frameborder=\"0\" allow=\"accelerometer; autoplay; clipboard-write; encrypted-media; gyroscope; picture-in-picture; web-share\" referrerpolicy=\"strict-origin-when-cross-origin\" allowfullscreen><\/iframe><\/p>\n<p><iframe loading=\"lazy\" title=\"Hypnotix - O Amar Daradi\" width=\"474\" height=\"356\" src=\"https:\/\/www.youtube.com\/embed\/a3gyeDdlsvg?feature=oembed\" frameborder=\"0\" allow=\"accelerometer; autoplay; clipboard-write; encrypted-media; gyroscope; picture-in-picture; web-share\" referrerpolicy=\"strict-origin-when-cross-origin\" allowfullscreen><\/iframe><\/p>\n<p>\u00a0<\/p>\n<p><iframe loading=\"lazy\" title=\"Hypnotix - Free your Mind\" width=\"474\" height=\"356\" src=\"https:\/\/www.youtube.com\/embed\/63V3JjdVMjA?feature=oembed\" frameborder=\"0\" allow=\"accelerometer; autoplay; clipboard-write; encrypted-media; gyroscope; picture-in-picture; web-share\" referrerpolicy=\"strict-origin-when-cross-origin\" allowfullscreen><\/iframe><\/p>\n<p>\u00a0<\/p>\n<p><span style=\"color: #0000ff;\"><strong>\u00a0\u21d2<br \/><\/strong><\/span><\/p>\n<p>\u00a0<\/p>\n<p><iframe loading=\"lazy\" title=\"Hypnotix - Kumah\" width=\"474\" height=\"267\" src=\"https:\/\/www.youtube.com\/embed\/x92UbLin1Dw?feature=oembed\" frameborder=\"0\" allow=\"accelerometer; autoplay; clipboard-write; encrypted-media; gyroscope; picture-in-picture; web-share\" referrerpolicy=\"strict-origin-when-cross-origin\" allowfullscreen><\/iframe><\/p>\n<p>\u00a0<\/p>\n<p><iframe loading=\"lazy\" title=\"Hypnotix - Eko System\" width=\"474\" height=\"267\" src=\"https:\/\/www.youtube.com\/embed\/W296H7f3H4c?feature=oembed\" frameborder=\"0\" allow=\"accelerometer; autoplay; clipboard-write; encrypted-media; gyroscope; picture-in-picture; web-share\" referrerpolicy=\"strict-origin-when-cross-origin\" allowfullscreen><\/iframe><\/p>\n<p>\u00a0<\/p>\n<p><iframe loading=\"lazy\" title=\"Hypnotix - Al Duwah\" width=\"474\" height=\"267\" src=\"https:\/\/www.youtube.com\/embed\/6qobisi5Mq4?feature=oembed\" frameborder=\"0\" allow=\"accelerometer; autoplay; clipboard-write; encrypted-media; gyroscope; picture-in-picture; web-share\" referrerpolicy=\"strict-origin-when-cross-origin\" allowfullscreen><\/iframe><\/p>\n<p>\u00a0<\/p>\n<p><iframe loading=\"lazy\" title=\"Hypnotix - Xadim\" width=\"474\" height=\"267\" src=\"https:\/\/www.youtube.com\/embed\/k0gbO5G7QD4?feature=oembed\" frameborder=\"0\" allow=\"accelerometer; autoplay; clipboard-write; encrypted-media; gyroscope; picture-in-picture; web-share\" referrerpolicy=\"strict-origin-when-cross-origin\" allowfullscreen><\/iframe><\/p>\n<p>\u00a0<\/p>\n<p><iframe loading=\"lazy\" title=\"Hypnotix - Dhu Dhu Moru\" width=\"474\" height=\"267\" src=\"https:\/\/www.youtube.com\/embed\/CePhNmujoTY?feature=oembed\" frameborder=\"0\" allow=\"accelerometer; autoplay; clipboard-write; encrypted-media; gyroscope; picture-in-picture; web-share\" referrerpolicy=\"strict-origin-when-cross-origin\" allowfullscreen><\/iframe><\/p>\n<p><span style=\"color: #800080;\"><strong>\u00a0\u21d2<br \/><\/strong><\/span><\/p>\n<p>\u00a0<\/p>\n<p><iframe loading=\"lazy\" title=\"Find It \u00a7Mc Strictly Orange And Hypnotix by studio Bubny  - recording - mixing - production.\" width=\"474\" height=\"400\" scrolling=\"no\" frameborder=\"no\" src=\"https:\/\/w.soundcloud.com\/player\/?visual=true&#038;url=https%3A%2F%2Fapi.soundcloud.com%2Ftracks%2F142940789&#038;show_artwork=true&#038;maxheight=711&#038;maxwidth=474\"><\/iframe><\/p>\n<p>\u00a0<\/p>\n\n\n<p><\/p>\n","protected":false},"excerpt":{"rendered":"<p>\u00a0\u21d2Videoklip kapely\u00a0Krajina RO nato\u010den\u00fd v na\u0161em studiu :\u00a0 https:\/\/www.youtube.com\/watch?v=70zHNuDh6Gs \u00a0 \u00a0 \u00a0 \u00a0 \u00a0\u21d2 \u00a0 \u00a0 \u00a0 \u00a0 \u00a0 \u00a0\u21d2 \u00a0 \u00a0<\/p>\n","protected":false},"author":2,"featured_media":394,"parent":0,"menu_order":1,"comment_status":"closed","ping_status":"closed","template":"","meta":{"footnotes":""},"class_list":["post-87","page","type-page","status-publish","has-post-thumbnail","hentry"],"_links":{"self":[{"href":"https:\/\/studiobubny.eu\/index.php?rest_route=\/wp\/v2\/pages\/87","targetHints":{"allow":["GET"]}}],"collection":[{"href":"https:\/\/studiobubny.eu\/index.php?rest_route=\/wp\/v2\/pages"}],"about":[{"href":"https:\/\/studiobubny.eu\/index.php?rest_route=\/wp\/v2\/types\/page"}],"author":[{"embeddable":true,"href":"https:\/\/studiobubny.eu\/index.php?rest_route=\/wp\/v2\/users\/2"}],"replies":[{"embeddable":true,"href":"https:\/\/studiobubny.eu\/index.php?rest_route=%2Fwp%2Fv2%2Fcomments&post=87"}],"version-history":[{"count":31,"href":"https:\/\/studiobubny.eu\/index.php?rest_route=\/wp\/v2\/pages\/87\/revisions"}],"predecessor-version":[{"id":675,"href":"https:\/\/studiobubny.eu\/index.php?rest_route=\/wp\/v2\/pages\/87\/revisions\/675"}],"wp:featuredmedia":[{"embeddable":true,"href":"https:\/\/studiobubny.eu\/index.php?rest_route=\/wp\/v2\/media\/394"}],"wp:attachment":[{"href":"https:\/\/studiobubny.eu\/index.php?rest_route=%2Fwp%2Fv2%2Fmedia&parent=87"}],"curies":[{"name":"wp","href":"https:\/\/api.w.org\/{rel}","templated":true}]}}